{"id":69,"date":"2016-07-14T03:26:33","date_gmt":"2016-07-14T03:26:33","guid":{"rendered":"http:\/\/f0b.ac1.myftpupload.com\/?page_id=69"},"modified":"2016-07-17T21:24:26","modified_gmt":"2016-07-17T21:24:26","slug":"historia","status":"publish","type":"page","link":"http:\/\/f0b.ac1.myftpupload.com\/%3Fpage_id%3D69","title":{"rendered":"Historia"},"content":{"rendered":"<p><img loading=\"lazy\" decoding=\"async\" class=\"alignnone\" src=\"http:\/\/www.atrimglobal.com\/userfiles\/_MG_7248.JPG\" width=\"737\" height=\"300\" \/><\/p>\n<p class=\"p1\"><span class=\"s1\"><b>Historia<\/b><\/span><span class=\"s2\"><br \/>\nComienza en el a\u00f1o 1992, cuando un joven inmigrante ingl\u00e9s, John Hazell, se radica en Bah\u00eda Blanca, Provincia de Buenos Aires, Argentina, con la idea de emprender un negocio innovador: introducir en el mercado productos relacionados con la terminaci\u00f3n de revestimientos.<br \/>\nEn 1993 funda ATRIM, hoy la empresa l\u00edder de Perfiles y Terminaciones de Acero, Aluminio y PVC m\u00e1s completa de Argentina.<br \/>\nEl nombre surge de la combinaci\u00f3n de dos palabras: \u00abA\u00bb que refiere al mejor, al l\u00edder; y \u00abTRIM\u00bb que significa en ingl\u00e9s \u00abmoldear, rebordear de forma prolija y perfeccionada\u00bb; connotando terminaciones de alta calidad.<\/span><\/p>\n<p><span class=\"s1\"><b>Consolidaci\u00f3n\u00a0<\/b><\/span><span class=\"s2\"><br \/>\nEn el a\u00f1o 2002, ATRIM comienza a fabricar sus productos en Argentina luego de una importante inversi\u00f3n en maquinaria europea y tras el establecimiento de su planta en Bah\u00eda Blanca. Esto le permiti\u00f3 fortalecer su posici\u00f3n de liderazgo en el mercado interno, principalmente en el interior del pa\u00eds.<\/span><\/p>\n<p>En abril de 2007, con el auge de la construcci\u00f3n, la empresa crece, se reestructura y adquiere una moderna plata fabril en Bah\u00eda Blanca. Este crecimiento permite comenzar a proyectarse hacia los mercados latinoamericanos.<\/p>\n<p>En el a\u00f1o 2008, la firma ampl\u00eda su oferta e incorpora un amplio surtido de l\u00edneas, productos, colores, acabados y dise\u00f1os.<\/p>\n<p><span class=\"s1\"><b>Proyecci\u00f3n Regional<\/b><\/span><\/p>\n<p class=\"p1\"><span class=\"s2\">Tras alcanzar el liderazgo con m\u00e1s del 70% del mercado Argentino, en el a\u00f1o 2013 contin\u00faa su expansi\u00f3n en Latinoam\u00e9rica, con la apertura de oficina comercial y centro de distribuci\u00f3n en Chile y la introducci\u00f3n del producto en nuevos mercados como Bolivia, Brasil, Ecuador, Paraguay, Per\u00fa y Uruguay, <\/span><\/p>\n<p><span class=\"s1\"><b>Proyecci\u00f3n Global<\/b><\/span><\/p>\n<p class=\"p1\"><span class=\"s2\">Simult\u00e1neamente en Reino Unido y Australia, las empresas hermanas de ATRIM tambi\u00e9n comercializaban Perfiles y Terminaciones en sus mercados locales, si bien las tres eran independientes desde sus inicios, compart\u00edan los mismos valores y el mismo desaf\u00edo.<\/span><\/p>\n<p>En el a\u00f1o 2016, las tres empresas estrechan lazos comerciales, convirtiendo a ATRIM en una compa\u00f1\u00eda global, fortaleciendo el compromiso de ofrecer a sus clientes soluciones innovadoras y de calidad internacional.<\/p>\n<p>En la b\u00fasqueda constante de novedades y tendencias, ATRIM asiste y participa de las ferias internacionales m\u00e1s importantes de la industria en la regi\u00f3n y en el mundo, como\u00a0Cersaie en Bolonia, Coverings en EE.UU. y Revestir en San Pablo.<\/p>\n","protected":false},"excerpt":{"rendered":"<p>Historia Comienza en el a\u00f1o 1992, cuando un joven inmigrante ingl\u00e9s, John Hazell, se radica en Bah\u00eda Blanca, Provincia de Buenos Aires, Argentina, con la [&hellip;]<\/p>\n","protected":false},"author":1,"featured_media":0,"parent":0,"menu_order":0,"comment_status":"closed","ping_status":"closed","template":"","meta":{"footnotes":""},"class_list":["post-69","page","type-page","status-publish","hentry"],"_links":{"self":[{"href":"https:\/\/f0b.ac1.myftpupload.com\/index.php?rest_route=\/wp\/v2\/pages\/69","targetHints":{"allow":["GET"]}}],"collection":[{"href":"https:\/\/f0b.ac1.myftpupload.com\/index.php?rest_route=\/wp\/v2\/pages"}],"about":[{"href":"https:\/\/f0b.ac1.myftpupload.com\/index.php?rest_route=\/wp\/v2\/types\/page"}],"author":[{"embeddable":true,"href":"https:\/\/f0b.ac1.myftpupload.com\/index.php?rest_route=\/wp\/v2\/users\/1"}],"replies":[{"embeddable":true,"href":"https:\/\/f0b.ac1.myftpupload.com\/index.php?rest_route=%2Fwp%2Fv2%2Fcomments&post=69"}],"version-history":[{"count":4,"href":"https:\/\/f0b.ac1.myftpupload.com\/index.php?rest_route=\/wp\/v2\/pages\/69\/revisions"}],"predecessor-version":[{"id":114,"href":"https:\/\/f0b.ac1.myftpupload.com\/index.php?rest_route=\/wp\/v2\/pages\/69\/revisions\/114"}],"wp:attachment":[{"href":"https:\/\/f0b.ac1.myftpupload.com\/index.php?rest_route=%2Fwp%2Fv2%2Fmedia&parent=69"}],"curies":[{"name":"wp","href":"https:\/\/api.w.org\/{rel}","templated":true}]}}