{"id":73,"date":"2016-07-14T03:31:35","date_gmt":"2016-07-14T03:31:35","guid":{"rendered":"http:\/\/f0b.ac1.myftpupload.com\/?page_id=73"},"modified":"2016-07-17T21:25:25","modified_gmt":"2016-07-17T21:25:25","slug":"filosofia","status":"publish","type":"page","link":"http:\/\/f0b.ac1.myftpupload.com\/%3Fpage_id%3D73","title":{"rendered":"Filosof\u00eda"},"content":{"rendered":"<p class=\"p1\"><strong><span class=\"s1\">Visi\u00f3n<\/span><\/strong><\/p>\n<p class=\"p1\"><span class=\"s1\">Ser reconocidos a nivel global como la compa\u00f1\u00eda l\u00edder de perfiles y accesorios para todos los ambientes<\/span><\/p>\n<p class=\"p1\"><strong><span class=\"s1\">Misi\u00f3n <\/span><\/strong><\/p>\n<p class=\"p1\"><span class=\"s1\">Darles a las personas el poder de mejorar los espacios en los que viven, ofreci\u00e9ndoles soluciones creativas y duraderas a trav\u00e9s de una amplia gama de perfiles, terminaciones y accesorios de alta calidad.<\/span><\/p>\n<p class=\"p1\"><span class=\"s1\">Ser socios estrat\u00e9gicos de nuestros clientes a trav\u00e9s de relaciones amigables, s\u00f3lidas y duraderas, basadas en el respeto mutuo.<\/span><\/p>\n<p class=\"p1\"><span class=\"s1\">Tener una clara direcci\u00f3n con foco en calidad, innovaci\u00f3n, competitividad y el desarrollo y cualidades de nuestros recursos humanos.<\/span><\/p>\n","protected":false},"excerpt":{"rendered":"<p>Visi\u00f3n Ser reconocidos a nivel global como la compa\u00f1\u00eda l\u00edder de perfiles y accesorios para todos los ambientes Misi\u00f3n Darles a las personas el poder [&hellip;]<\/p>\n","protected":false},"author":1,"featured_media":0,"parent":0,"menu_order":0,"comment_status":"closed","ping_status":"closed","template":"","meta":{"footnotes":""},"class_list":["post-73","page","type-page","status-publish","hentry"],"_links":{"self":[{"href":"https:\/\/f0b.ac1.myftpupload.com\/index.php?rest_route=\/wp\/v2\/pages\/73","targetHints":{"allow":["GET"]}}],"collection":[{"href":"https:\/\/f0b.ac1.myftpupload.com\/index.php?rest_route=\/wp\/v2\/pages"}],"about":[{"href":"https:\/\/f0b.ac1.myftpupload.com\/index.php?rest_route=\/wp\/v2\/types\/page"}],"author":[{"embeddable":true,"href":"https:\/\/f0b.ac1.myftpupload.com\/index.php?rest_route=\/wp\/v2\/users\/1"}],"replies":[{"embeddable":true,"href":"https:\/\/f0b.ac1.myftpupload.com\/index.php?rest_route=%2Fwp%2Fv2%2Fcomments&post=73"}],"version-history":[{"count":2,"href":"https:\/\/f0b.ac1.myftpupload.com\/index.php?rest_route=\/wp\/v2\/pages\/73\/revisions"}],"predecessor-version":[{"id":115,"href":"https:\/\/f0b.ac1.myftpupload.com\/index.php?rest_route=\/wp\/v2\/pages\/73\/revisions\/115"}],"wp:attachment":[{"href":"https:\/\/f0b.ac1.myftpupload.com\/index.php?rest_route=%2Fwp%2Fv2%2Fmedia&parent=73"}],"curies":[{"name":"wp","href":"https:\/\/api.w.org\/{rel}","templated":true}]}}